{"id":8831,"date":"2022-10-11T13:01:58","date_gmt":"2022-10-11T13:01:58","guid":{"rendered":"https:\/\/traze.com\/?page_id=8831"},"modified":"2022-11-17T16:18:01","modified_gmt":"2022-11-17T16:18:01","slug":"politica-ejecucion-ordenes","status":"publish","type":"page","link":"https:\/\/traze.com\/mx\/politica-ejecucion-ordenes\/","title":{"rendered":"Pol\u00edtica de Ejecuci\u00f3n de \u00d3rdenes"},"content":{"rendered":"\t\t<div data-elementor-type=\"wp-page\" data-elementor-id=\"8831\" class=\"elementor elementor-8831 elementor-6608\" data-elementor-settings=\"{&quot;element_pack_global_tooltip_width&quot;:{&quot;unit&quot;:&quot;px&quot;,&quot;size&quot;:&quot;&quot;,&quot;sizes&quot;:[]},&quot;element_pack_global_tooltip_width_tablet&quot;:{&quot;unit&quot;:&quot;px&quot;,&quot;size&quot;:&quot;&quot;,&quot;sizes&quot;:[]},&quot;element_pack_global_tooltip_width_mobile&quot;:{&quot;unit&quot;:&quot;px&quot;,&quot;size&quot;:&quot;&quot;,&quot;sizes&quot;:[]},&quot;element_pack_global_tooltip_padding&quot;:{&quot;unit&quot;:&quot;px&quot;,&quot;top&quot;:&quot;&quot;,&quot;right&quot;:&quot;&quot;,&quot;bottom&quot;:&quot;&quot;,&quot;left&quot;:&quot;&quot;,&quot;isLinked&quot;:true},&quot;element_pack_global_tooltip_padding_tablet&quot;:{&quot;unit&quot;:&quot;px&quot;,&quot;top&quot;:&quot;&quot;,&quot;right&quot;:&quot;&quot;,&quot;bottom&quot;:&quot;&quot;,&quot;left&quot;:&quot;&quot;,&quot;isLinked&quot;:true},&quot;element_pack_global_tooltip_padding_mobile&quot;:{&quot;unit&quot;:&quot;px&quot;,&quot;top&quot;:&quot;&quot;,&quot;right&quot;:&quot;&quot;,&quot;bottom&quot;:&quot;&quot;,&quot;left&quot;:&quot;&quot;,&quot;isLinked&quot;:true},&quot;element_pack_global_tooltip_border_radius&quot;:{&quot;unit&quot;:&quot;px&quot;,&quot;top&quot;:&quot;&quot;,&quot;right&quot;:&quot;&quot;,&quot;bottom&quot;:&quot;&quot;,&quot;left&quot;:&quot;&quot;,&quot;isLinked&quot;:true},&quot;element_pack_global_tooltip_border_radius_tablet&quot;:{&quot;unit&quot;:&quot;px&quot;,&quot;top&quot;:&quot;&quot;,&quot;right&quot;:&quot;&quot;,&quot;bottom&quot;:&quot;&quot;,&quot;left&quot;:&quot;&quot;,&quot;isLinked&quot;:true},&quot;element_pack_global_tooltip_border_radius_mobile&quot;:{&quot;unit&quot;:&quot;px&quot;,&quot;top&quot;:&quot;&quot;,&quot;right&quot;:&quot;&quot;,&quot;bottom&quot;:&quot;&quot;,&quot;left&quot;:&quot;&quot;,&quot;isLinked&quot;:true}}\" data-elementor-post-type=\"page\">\n\t\t\t\t\t\t<div class=\"elementor-section elementor-top-section elementor-element elementor-element-5e1bb99 zfx-hero elementor-section-boxed elementor-section-height-default elementor-section-height-default\" data-id=\"5e1bb99\" data-element_type=\"section\" data-settings=\"{&quot;background_background&quot;:&quot;gradient&quot;}\">\n\t\t\t\t\t\t<div class=\"elementor-container elementor-column-gap-no\">\n\t\t\t\t\t<div class=\"elementor-column elementor-col-50 elementor-top-column elementor-element elementor-element-0a71e5e animated-slow elementor-invisible\" data-id=\"0a71e5e\" data-element_type=\"column\" data-settings=\"{&quot;animation&quot;:&quot;fadeIn&quot;,&quot;animation_delay&quot;:200}\">\n\t\t\t<div class=\"elementor-widget-wrap elementor-element-populated\">\n\t\t\t\t\t\t<div class=\"elementor-element elementor-element-fea6035 elementor-widget elementor-widget-heading\" data-id=\"fea6035\" data-element_type=\"widget\" data-widget_type=\"heading.default\">\n\t\t\t\t<div class=\"elementor-widget-container\">\n\t\t\t\t\t<h1 class=\"elementor-heading-title elementor-size-default\">Pol\u00edtica de Ejecuci\u00f3n de \u00d3rdenes<\/h1>\t\t\t\t<\/div>\n\t\t\t\t<\/div>\n\t\t\t\t\t<\/div>\n\t\t<\/div>\n\t\t\t\t<div class=\"elementor-column elementor-col-50 elementor-top-column elementor-element elementor-element-49c5a77 animated-slow elementor-invisible\" data-id=\"49c5a77\" data-element_type=\"column\" data-settings=\"{&quot;animation&quot;:&quot;fadeIn&quot;}\">\n\t\t\t<div class=\"elementor-widget-wrap elementor-element-populated\">\n\t\t\t\t\t\t<div class=\"elementor-element elementor-element-c39f26e elementor-widget-mobile__width-initial elementor-widget__width-initial elementor-widget-tablet__width-initial elementor-absolute elementor-widget elementor-widget-image\" data-id=\"c39f26e\" data-element_type=\"widget\" data-settings=\"{&quot;_position&quot;:&quot;absolute&quot;}\" data-widget_type=\"image.default\">\n\t\t\t\t<div class=\"elementor-widget-container\">\n\t\t\t\t\t\t\t\t\t\t\t\t\t\t\t<img fetchpriority=\"high\" decoding=\"async\" width=\"2514\" height=\"1885\" src=\"https:\/\/traze.com\/lib\/uploads\/2022\/09\/halo-gradient.svg\" class=\"attachment-full size-full wp-image-14738\" alt=\"\" \/>\t\t\t\t\t\t\t\t\t\t\t\t\t\t\t<\/div>\n\t\t\t\t<\/div>\n\t\t\t\t<div class=\"elementor-element elementor-element-133ea13 elementor-widget-mobile__width-initial elementor-widget__width-initial elementor-widget-tablet__width-initial elementor-absolute elementor-widget elementor-widget-image\" data-id=\"133ea13\" data-element_type=\"widget\" data-settings=\"{&quot;_position&quot;:&quot;absolute&quot;}\" data-widget_type=\"image.default\">\n\t\t\t\t<div class=\"elementor-widget-container\">\n\t\t\t\t\t\t\t\t\t\t\t\t\t\t\t<img decoding=\"async\" width=\"2360\" height=\"2360\" src=\"https:\/\/traze.com\/lib\/uploads\/2022\/09\/halo-gradient-02.svg\" class=\"attachment-full size-full wp-image-14746\" alt=\"\" srcset=\"https:\/\/traze.com\/lib\/uploads\/\/2022\/09\/halo-gradient-02.svg 150w, https:\/\/traze.com\/lib\/uploads\/\/2022\/09\/halo-gradient-02.svg 300w, https:\/\/traze.com\/lib\/uploads\/\/2022\/09\/halo-gradient-02.svg 1024w\" sizes=\"(max-width: 2360px) 100vw, 2360px\" \/>\t\t\t\t\t\t\t\t\t\t\t\t\t\t\t<\/div>\n\t\t\t\t<\/div>\n\t\t\t\t<div class=\"elementor-element elementor-element-8986a4b elementor-widget-mobile__width-initial elementor-widget__width-initial elementor-widget-tablet__width-initial elementor-absolute elementor-widget elementor-widget-image\" data-id=\"8986a4b\" data-element_type=\"widget\" data-settings=\"{&quot;_position&quot;:&quot;absolute&quot;}\" data-widget_type=\"image.default\">\n\t\t\t\t<div class=\"elementor-widget-container\">\n\t\t\t\t\t\t\t\t\t\t\t\t\t\t\t<img decoding=\"async\" width=\"2514\" height=\"1885\" src=\"https:\/\/traze.com\/lib\/uploads\/2022\/09\/halo-gradient-03.svg\" class=\"attachment-full size-full wp-image-14742\" alt=\"\" \/>\t\t\t\t\t\t\t\t\t\t\t\t\t\t\t<\/div>\n\t\t\t\t<\/div>\n\t\t\t\t\t<\/div>\n\t\t<\/div>\n\t\t\t\t\t<\/div>\n\t\t<\/div>\n\t\t\t\t<section class=\"elementor-section elementor-top-section elementor-element elementor-element-a64cd44  ui-fluid-animation-1 elementor-section-boxed elementor-section-height-default elementor-section-height-default\" data-id=\"a64cd44\" data-element_type=\"section\" data-settings=\"{&quot;background_background&quot;:&quot;gradient&quot;,&quot;section_fluid_on&quot;:&quot;yes&quot;}\">\n\t\t\t\t\t\t<div class=\"elementor-container elementor-column-gap-default\">\n\t\t\t\t\t<div class=\"elementor-column elementor-col-100 elementor-top-column elementor-element elementor-element-658ac29 bdt-backdrop-filter-yes\" data-id=\"658ac29\" data-element_type=\"column\" data-settings=\"{&quot;background_background&quot;:&quot;classic&quot;}\">\n\t\t\t<div class=\"elementor-widget-wrap elementor-element-populated\">\n\t\t\t\t\t\t<div class=\"elementor-element elementor-element-d111442 elementor-widget elementor-widget-text-editor\" data-id=\"d111442\" data-element_type=\"widget\" data-widget_type=\"text-editor.default\">\n\t\t\t\t<div class=\"elementor-widget-container\">\n\t\t\t\t\t\t\t\t\t<p><strong>Descripci\u00f3n General del Requerimiento para la Mejor Ejecuci\u00f3n<\/strong><\/p><p>Traze est\u00e1 obligado a actuar en el mejor inter\u00e9s de nuestros clientes y, salvo en determinadas circunstancias descritas a continuaci\u00f3n, cuando ejecutamos u organizamos la ejecuci\u00f3n de operaciones, estamos obligados a tomar todas las medidas razonables para obtener el mejor resultado posible para nuestros clientes (conocido como \u00abmejor ejecuci\u00f3n\u00bb) y establecer e implementar una pol\u00edtica de ejecuci\u00f3n de operaciones y procedimientos relacionados que nos permitan hacerlo. Tenemos pol\u00edticas y procedimientos internos que rigen c\u00f3mo actuaremos cuando ejecutemos operaciones para nuestros clientes.<\/p><p><span style=\"font-size: inherit; color: var(--zfxcore-typography--p-c,'#070707'); font-family: var(--zfxcore-typography--p-f,'Inter'); font-style: var(--zfxcore-typography--p-st,'normal'); font-weight: var(--zfxcore-typography--p-w,'600'); letter-spacing: var(--zfxcore-typography--p-ls,'-0.027em'); text-transform: var(--zfxcore-typography--p-t,'none');\">Nos esforzamos continuamente para proporcionar el mejor nivel de servicio posible a todos nuestros clientes. En consecuencia, nuestras pol\u00edticas y procedimientos est\u00e1n bajo constante revisi\u00f3n y pueden ser revisados en cualquier momento sin previo aviso.<\/span><\/p><p><strong>Lugares de Ejecuci\u00f3n<\/strong><\/p><p>Tratamos con los clientes como directores y no como agente. Esto significa que somos el centro de ejecuci\u00f3n y, por lo tanto, los clientes realizan operaciones directamente con nosotros y no en una bolsa u otro mercado externo. Las operaciones que los clientes realizan con nosotros no son transferibles, lo que significa que si un cliente abre una posici\u00f3n con nosotros, debe cerrarla con nosotros.<\/p><p><strong>Factores de Ejecuci\u00f3n<\/strong><\/p><p>Aplicamos los siguientes factores de ejecuci\u00f3n:<\/p><p>(i)\u00a0El Precio: Si bien nuestro objetivo siempre es actuar en el mejor inter\u00e9s de nuestros clientes, no podemos garantizar que el precio al que permitimos que los clientes ejecuten una operaci\u00f3n sea mejor que en cualquier otro lugar. Los precios de los productos de Contratos por Diferencia (CFD) provienen de proveedores externos independientes que suministran liquidez al mercado extraburs\u00e1til.<\/p><p>(ii)\u00a0The El Costo: Agregamos un mark-up a los precios de nuestros proveedores de liquidez y publicamos los precios \u00abremarcados\u00bb que incluyen nuestros ingresos. Tomaremos como base el precio de cierre de la moneda correspondiente a los fines del margen requerido y los cr\u00e9ditos\/d\u00e9bitos de cualquier saldo.<\/p><p>(iii)\u00a0Velocidad y Probabilidad de Ejecuci\u00f3n: Las operaciones pueden ejecutarse en nuestra plataforma o por tel\u00e9fono u otras formas de comunicaci\u00f3n. Las operaciones de pantalla y tel\u00e9fono est\u00e1n sujetas a la liquidez y las condiciones del mercado, por lo que no podemos garantizar que la operaci\u00f3n de un cliente se abra o cierre instant\u00e1neamente. La velocidad y la probabilidad de ejecuci\u00f3n tambi\u00e9n est\u00e1n sujetas al software, hardware y uso de la l\u00ednea de telecomunicaciones\/datos y no podemos garantizar que esto no estar\u00e1 libre de interrupci\u00f3n o suspensi\u00f3n.<\/p><p>(iv)\u00a0Cantidad: Establecemos la cantidad m\u00ednima y m\u00e1xima que los clientes pueden colocar en una operaci\u00f3n. Esto est\u00e1 influenciado por las condiciones del mercado y la pol\u00edtica de la empresa y los cambios que ocurren de vez en cuando. El precio y el costo son los factores de ejecuci\u00f3n predominantes utilizados por Traze.<\/p><p><strong>Criterios de Ejecuci\u00f3n<\/strong><\/p><p>Al concertar una transacci\u00f3n o ejecutar una operaci\u00f3n de un cliente, tendremos en cuenta los siguientes criterios para determinar la importancia relativa de los factores de ejecuci\u00f3n mencionados anteriormente:<\/p><p>(i)\u00a0Las caracter\u00edsticas del cliente, incluida la categorizaci\u00f3n del cliente;<\/p><p>(ii) Las caracter\u00edsticas de la operaci\u00f3n del cliente; y<\/p><p>(iii)\u00a0Las caracter\u00edsticas de los instrumentos financieros objeto de dicha operaci\u00f3n.<\/p><p><strong>Manejo de Operaciones de Clientes<\/strong><\/p><p>Sujeto a las condiciones del mercado, la operaci\u00f3n de un cliente se ejecutar\u00e1 a nuestro precio o muy cerca de nuestro precio. El precio que reciben los clientes en la ejecuci\u00f3n no est\u00e1 garantizado, ya que el mercado puede ampliarse, volverse muy vol\u00e1til o incluso generar brechas. No hay garant\u00eda de que se ejecutar\u00e1 la operaci\u00f3n de un cliente.<\/p><p><strong>No tenemos ninguna obligaci\u00f3n de cumplir y podemos cancelar la operaci\u00f3n del cliente en el caso de que creamos razonablemente que puede haber ocurrido cualquier forma de abuso de mercado, incumplimiento regulatorio o que la operaci\u00f3n del cliente se haya tramitado a un precio incorrecto. Instrucciones Espec\u00edficas<\/strong><\/p><p><strong>Specific Instructions<\/strong><\/p><p>Si los clientes tienen requisitos particulares en cuanto a c\u00f3mo actuamos cuando tratamos con ellos, deben informarnos y haremos todo lo posible para satisfacerlos. Sin embargo, los clientes deben ser conscientes de que cuando nos den instrucciones espec\u00edficas que sean incompatibles con nuestras pol\u00edticas y procedimientos normales de ejecuci\u00f3n de operaciones, sus instrucciones espec\u00edficas prevalecer\u00e1n.<\/p><p>Esto puede resultar en un resultado diferente al que se habr\u00eda logrado si se hubieran seguido nuestras pol\u00edticas y procedimientos normales y no se nos exigir\u00e1 que brindemos la mejor ejecuci\u00f3n con respecto a los aspectos de la operaci\u00f3n de un cliente que est\u00e1 cubierta con sus instrucciones espec\u00edficas.<\/p><p>Our normal policies and procedures take account of the costs that we would incur in transacting business. Transactions may be subject to additional charges. Where this applies, we will notify clients of the applicable charges before their order is executed.<\/p><p><strong>Nuestro Deber de Mejor Ejecuci\u00f3n<\/strong><\/p><p>Al ejecutar \u00f3rdenes de productos derivados financieros en el mercado extraburs\u00e1til (OTC), tomaremos todas las medidas razonables para lograr el mejor resultado posible teniendo en cuenta nuestra Pol\u00edtica de Ejecuci\u00f3n de Operaciones y cualquier instrucci\u00f3n espec\u00edfica recibida de nuestros clientes.<\/p><p><strong>Lograr la mejor ejecuci\u00f3n <\/strong><\/p><p>Para lograr el mejor resultado posible, tendremos en cuenta una serie de factores, incluidos el precio, los costos, la velocidad de ejecuci\u00f3n, la probabilidad de ejecuci\u00f3n y liquidaci\u00f3n, el tama\u00f1o, la naturaleza de la operaci\u00f3n o cualquier otro factor relevante para la ejecuci\u00f3n de esa operaci\u00f3n.<\/p><p>Usaremos nuestra propia experiencia comercial y juicio para determinar la importancia relativa de estos factores, sin embargo, hemos calificado los precios como el factor m\u00e1s importante para obtener el mejor resultado posible.<\/p><p>Si hemos clasificado a un cliente como Cliente profesional, consideraremos la orientaci\u00f3n pertinente para determinar si conf\u00edan en nosotros para brindar la mejor ejecuci\u00f3n. Entendemos que los clientes pueden confiar en nosotros para ofrecer la mejor ejecuci\u00f3n, pero la importancia de la ejecuci\u00f3n puede tener prioridad sobre el precio.<\/p><p>Si hemos clasificado a un cliente como una Contraparte Elegible, no hay ning\u00fan requisito para que le entreguemos la mejor ejecuci\u00f3n. Sin embargo, cumpliremos con esta pol\u00edtica en relaci\u00f3n con el negocio de la Contraparte Elegible y mantendremos registros de datos que se utilizan para establecer nuestros precios.<\/p><p>Revisaremos esta pol\u00edtica a intervalos regulares y monitorearemos y revisaremos las fuentes de precios externas.<\/p><p>Le daremos a los clientes un aviso por escrito con 14 d\u00edas de anticipaci\u00f3n cuando hagamos cualquier cambio a esta pol\u00edtica y la divulgaci\u00f3n del cliente relacionada con esta pol\u00edtica en nuestro sitio web.<\/p>\t\t\t\t\t\t\t\t<\/div>\n\t\t\t\t<\/div>\n\t\t\t\t\t<\/div>\n\t\t<\/div>\n\t\t\t\t\t<\/div>\n\t\t<\/section>\n\t\t\t\t<\/div>\n\t\t","protected":false},"excerpt":{"rendered":"<p>Pol\u00edtica de Ejecuci\u00f3n de \u00d3rdenes Descripci\u00f3n General del Requerimiento para la Mejor Ejecuci\u00f3n Traze est\u00e1 obligado a actuar en el mejor inter\u00e9s [&hellip;]<\/p>\n","protected":false},"author":2,"featured_media":0,"parent":0,"menu_order":0,"comment_status":"closed","ping_status":"closed","template":"","meta":{"footnotes":""},"class_list":["post-8831","page","type-page","status-publish","hentry"],"yoast_head":"<!-- This site is optimized with the Yoast SEO Premium plugin v24.8 (Yoast SEO v24.8.1) - https:\/\/yoast.com\/wordpress\/plugins\/seo\/ -->\n<title>Pol\u00edtica de Ejecuci\u00f3n de \u00d3rdenes | Traze Forex and CFD Online Trading<\/title>\n<meta name=\"robots\" content=\"index, follow, max-snippet:-1, max-image-preview:large, max-video-preview:-1\" \/>\n<link rel=\"canonical\" href=\"https:\/\/traze.com\/mx\/politica-ejecucion-ordenes\/\" \/>\n<meta property=\"og:locale\" content=\"es_MX\" \/>\n<meta property=\"og:type\" content=\"article\" \/>\n<meta property=\"og:title\" content=\"Pol\u00edtica de Ejecuci\u00f3n de \u00d3rdenes\" \/>\n<meta property=\"og:description\" content=\"Pol\u00edtica de Ejecuci\u00f3n de \u00d3rdenes Descripci\u00f3n General del Requerimiento para la Mejor Ejecuci\u00f3n Traze est\u00e1 obligado a actuar en el mejor inter\u00e9s [&hellip;]\" \/>\n<meta property=\"og:url\" content=\"https:\/\/traze.com\/mx\/politica-ejecucion-ordenes\/\" \/>\n<meta property=\"og:site_name\" content=\"Traze Forex and CFD Online Trading\" \/>\n<meta property=\"article:modified_time\" content=\"2022-11-17T16:18:01+00:00\" \/>\n<meta property=\"og:image\" content=\"https:\/\/traze.com\/lib\/uploads\/2022\/09\/halo-gradient.svg\" \/>\n<meta name=\"twitter:card\" content=\"summary_large_image\" \/>\n<meta name=\"twitter:label1\" content=\"Tiempo de lectura\" \/>\n\t<meta name=\"twitter:data1\" content=\"6 minutos\" \/>\n<script type=\"application\/ld+json\" class=\"yoast-schema-graph\">{\"@context\":\"https:\/\/schema.org\",\"@graph\":[{\"@type\":\"WebPage\",\"@id\":\"https:\/\/traze.com\/mx\/politica-ejecucion-ordenes\/\",\"url\":\"https:\/\/traze.com\/mx\/politica-ejecucion-ordenes\/\",\"name\":\"Pol\u00edtica de Ejecuci\u00f3n de \u00d3rdenes | Traze Forex and CFD Online Trading\",\"isPartOf\":{\"@id\":\"https:\/\/traze.com\/mx\/#website\"},\"primaryImageOfPage\":{\"@id\":\"https:\/\/traze.com\/mx\/politica-ejecucion-ordenes\/#primaryimage\"},\"image\":{\"@id\":\"https:\/\/traze.com\/mx\/politica-ejecucion-ordenes\/#primaryimage\"},\"thumbnailUrl\":\"https:\/\/traze.com\/lib\/uploads\/2022\/09\/halo-gradient.svg\",\"datePublished\":\"2022-10-11T13:01:58+00:00\",\"dateModified\":\"2022-11-17T16:18:01+00:00\",\"breadcrumb\":{\"@id\":\"https:\/\/traze.com\/mx\/politica-ejecucion-ordenes\/#breadcrumb\"},\"inLanguage\":\"es\",\"potentialAction\":[{\"@type\":\"ReadAction\",\"target\":[\"https:\/\/traze.com\/mx\/politica-ejecucion-ordenes\/\"]}]},{\"@type\":\"ImageObject\",\"inLanguage\":\"es\",\"@id\":\"https:\/\/traze.com\/mx\/politica-ejecucion-ordenes\/#primaryimage\",\"url\":\"https:\/\/traze.com\/lib\/uploads\/2022\/09\/halo-gradient.svg\",\"contentUrl\":\"https:\/\/traze.com\/lib\/uploads\/2022\/09\/halo-gradient.svg\"},{\"@type\":\"BreadcrumbList\",\"@id\":\"https:\/\/traze.com\/mx\/politica-ejecucion-ordenes\/#breadcrumb\",\"itemListElement\":[{\"@type\":\"ListItem\",\"position\":1,\"name\":\"Home\",\"item\":\"https:\/\/traze.com\/mx\/\"},{\"@type\":\"ListItem\",\"position\":2,\"name\":\"Pol\u00edtica de Ejecuci\u00f3n de \u00d3rdenes\"}]},{\"@type\":\"WebSite\",\"@id\":\"https:\/\/traze.com\/mx\/#website\",\"url\":\"https:\/\/traze.com\/mx\/\",\"name\":\"Traze Forex and CFD Online Trading\",\"description\":\"\",\"publisher\":{\"@id\":\"https:\/\/traze.com\/mx\/#organization\"},\"potentialAction\":[{\"@type\":\"SearchAction\",\"target\":{\"@type\":\"EntryPoint\",\"urlTemplate\":\"https:\/\/traze.com\/mx\/?s={search_term_string}\"},\"query-input\":{\"@type\":\"PropertyValueSpecification\",\"valueRequired\":true,\"valueName\":\"search_term_string\"}}],\"inLanguage\":\"es\"},{\"@type\":\"Organization\",\"@id\":\"https:\/\/traze.com\/mx\/#organization\",\"name\":\"Traze Forex and CFD Online Trading\",\"url\":\"https:\/\/traze.com\/mx\/\",\"logo\":{\"@type\":\"ImageObject\",\"inLanguage\":\"es\",\"@id\":\"https:\/\/traze.com\/mx\/#\/schema\/logo\/image\/\",\"url\":\"https:\/\/traze.com\/lib\/uploads\/2022\/09\/traze-logo-light.svg\",\"contentUrl\":\"https:\/\/traze.com\/lib\/uploads\/2022\/09\/traze-logo-light.svg\",\"width\":121,\"height\":34,\"caption\":\"Traze Forex and CFD Online Trading\"},\"image\":{\"@id\":\"https:\/\/traze.com\/mx\/#\/schema\/logo\/image\/\"}}]}<\/script>\n<!-- \/ Yoast SEO Premium plugin. -->","yoast_head_json":{"title":"Pol\u00edtica de Ejecuci\u00f3n de \u00d3rdenes | Traze Forex and CFD Online Trading","robots":{"index":"index","follow":"follow","max-snippet":"max-snippet:-1","max-image-preview":"max-image-preview:large","max-video-preview":"max-video-preview:-1"},"canonical":"https:\/\/traze.com\/mx\/politica-ejecucion-ordenes\/","og_locale":"es_MX","og_type":"article","og_title":"Pol\u00edtica de Ejecuci\u00f3n de \u00d3rdenes","og_description":"Pol\u00edtica de Ejecuci\u00f3n de \u00d3rdenes Descripci\u00f3n General del Requerimiento para la Mejor Ejecuci\u00f3n Traze est\u00e1 obligado a actuar en el mejor inter\u00e9s [&hellip;]","og_url":"https:\/\/traze.com\/mx\/politica-ejecucion-ordenes\/","og_site_name":"Traze Forex and CFD Online Trading","article_modified_time":"2022-11-17T16:18:01+00:00","og_image":[{"url":"https:\/\/traze.com\/lib\/uploads\/2022\/09\/halo-gradient.svg","type":"","width":"","height":""}],"twitter_card":"summary_large_image","twitter_misc":{"Tiempo de lectura":"6 minutos"},"schema":{"@context":"https:\/\/schema.org","@graph":[{"@type":"WebPage","@id":"https:\/\/traze.com\/mx\/politica-ejecucion-ordenes\/","url":"https:\/\/traze.com\/mx\/politica-ejecucion-ordenes\/","name":"Pol\u00edtica de Ejecuci\u00f3n de \u00d3rdenes | Traze Forex and CFD Online Trading","isPartOf":{"@id":"https:\/\/traze.com\/mx\/#website"},"primaryImageOfPage":{"@id":"https:\/\/traze.com\/mx\/politica-ejecucion-ordenes\/#primaryimage"},"image":{"@id":"https:\/\/traze.com\/mx\/politica-ejecucion-ordenes\/#primaryimage"},"thumbnailUrl":"https:\/\/traze.com\/lib\/uploads\/2022\/09\/halo-gradient.svg","datePublished":"2022-10-11T13:01:58+00:00","dateModified":"2022-11-17T16:18:01+00:00","breadcrumb":{"@id":"https:\/\/traze.com\/mx\/politica-ejecucion-ordenes\/#breadcrumb"},"inLanguage":"es","potentialAction":[{"@type":"ReadAction","target":["https:\/\/traze.com\/mx\/politica-ejecucion-ordenes\/"]}]},{"@type":"ImageObject","inLanguage":"es","@id":"https:\/\/traze.com\/mx\/politica-ejecucion-ordenes\/#primaryimage","url":"https:\/\/traze.com\/lib\/uploads\/2022\/09\/halo-gradient.svg","contentUrl":"https:\/\/traze.com\/lib\/uploads\/2022\/09\/halo-gradient.svg"},{"@type":"BreadcrumbList","@id":"https:\/\/traze.com\/mx\/politica-ejecucion-ordenes\/#breadcrumb","itemListElement":[{"@type":"ListItem","position":1,"name":"Home","item":"https:\/\/traze.com\/mx\/"},{"@type":"ListItem","position":2,"name":"Pol\u00edtica de Ejecuci\u00f3n de \u00d3rdenes"}]},{"@type":"WebSite","@id":"https:\/\/traze.com\/mx\/#website","url":"https:\/\/traze.com\/mx\/","name":"Traze Forex and CFD Online Trading","description":"","publisher":{"@id":"https:\/\/traze.com\/mx\/#organization"},"potentialAction":[{"@type":"SearchAction","target":{"@type":"EntryPoint","urlTemplate":"https:\/\/traze.com\/mx\/?s={search_term_string}"},"query-input":{"@type":"PropertyValueSpecification","valueRequired":true,"valueName":"search_term_string"}}],"inLanguage":"es"},{"@type":"Organization","@id":"https:\/\/traze.com\/mx\/#organization","name":"Traze Forex and CFD Online Trading","url":"https:\/\/traze.com\/mx\/","logo":{"@type":"ImageObject","inLanguage":"es","@id":"https:\/\/traze.com\/mx\/#\/schema\/logo\/image\/","url":"https:\/\/traze.com\/lib\/uploads\/2022\/09\/traze-logo-light.svg","contentUrl":"https:\/\/traze.com\/lib\/uploads\/2022\/09\/traze-logo-light.svg","width":121,"height":34,"caption":"Traze Forex and CFD Online Trading"},"image":{"@id":"https:\/\/traze.com\/mx\/#\/schema\/logo\/image\/"}}]}},"_links":{"self":[{"href":"https:\/\/traze.com\/mx\/wp-json\/wp\/v2\/pages\/8831","targetHints":{"allow":["GET"]}}],"collection":[{"href":"https:\/\/traze.com\/mx\/wp-json\/wp\/v2\/pages"}],"about":[{"href":"https:\/\/traze.com\/mx\/wp-json\/wp\/v2\/types\/page"}],"author":[{"embeddable":true,"href":"https:\/\/traze.com\/mx\/wp-json\/wp\/v2\/users\/2"}],"replies":[{"embeddable":true,"href":"https:\/\/traze.com\/mx\/wp-json\/wp\/v2\/comments?post=8831"}],"version-history":[{"count":0,"href":"https:\/\/traze.com\/mx\/wp-json\/wp\/v2\/pages\/8831\/revisions"}],"wp:attachment":[{"href":"https:\/\/traze.com\/mx\/wp-json\/wp\/v2\/media?parent=8831"}],"curies":[{"name":"wp","href":"https:\/\/api.w.org\/{rel}","templated":true}]}}