{"id":8850,"date":"2022-10-11T13:03:19","date_gmt":"2022-10-11T13:03:19","guid":{"rendered":"https:\/\/traze.com\/?page_id=8850"},"modified":"2022-11-18T10:22:30","modified_gmt":"2022-11-18T10:22:30","slug":"politica-privacidad","status":"publish","type":"page","link":"https:\/\/traze.com\/mx\/politica-privacidad\/","title":{"rendered":"Pol\u00edtica de Privacidad"},"content":{"rendered":"\t\t<div data-elementor-type=\"wp-page\" data-elementor-id=\"8850\" class=\"elementor elementor-8850 elementor-6613\" data-elementor-settings=\"{&quot;element_pack_global_tooltip_width&quot;:{&quot;unit&quot;:&quot;px&quot;,&quot;size&quot;:&quot;&quot;,&quot;sizes&quot;:[]},&quot;element_pack_global_tooltip_width_tablet&quot;:{&quot;unit&quot;:&quot;px&quot;,&quot;size&quot;:&quot;&quot;,&quot;sizes&quot;:[]},&quot;element_pack_global_tooltip_width_mobile&quot;:{&quot;unit&quot;:&quot;px&quot;,&quot;size&quot;:&quot;&quot;,&quot;sizes&quot;:[]},&quot;element_pack_global_tooltip_padding&quot;:{&quot;unit&quot;:&quot;px&quot;,&quot;top&quot;:&quot;&quot;,&quot;right&quot;:&quot;&quot;,&quot;bottom&quot;:&quot;&quot;,&quot;left&quot;:&quot;&quot;,&quot;isLinked&quot;:true},&quot;element_pack_global_tooltip_padding_tablet&quot;:{&quot;unit&quot;:&quot;px&quot;,&quot;top&quot;:&quot;&quot;,&quot;right&quot;:&quot;&quot;,&quot;bottom&quot;:&quot;&quot;,&quot;left&quot;:&quot;&quot;,&quot;isLinked&quot;:true},&quot;element_pack_global_tooltip_padding_mobile&quot;:{&quot;unit&quot;:&quot;px&quot;,&quot;top&quot;:&quot;&quot;,&quot;right&quot;:&quot;&quot;,&quot;bottom&quot;:&quot;&quot;,&quot;left&quot;:&quot;&quot;,&quot;isLinked&quot;:true},&quot;element_pack_global_tooltip_border_radius&quot;:{&quot;unit&quot;:&quot;px&quot;,&quot;top&quot;:&quot;&quot;,&quot;right&quot;:&quot;&quot;,&quot;bottom&quot;:&quot;&quot;,&quot;left&quot;:&quot;&quot;,&quot;isLinked&quot;:true},&quot;element_pack_global_tooltip_border_radius_tablet&quot;:{&quot;unit&quot;:&quot;px&quot;,&quot;top&quot;:&quot;&quot;,&quot;right&quot;:&quot;&quot;,&quot;bottom&quot;:&quot;&quot;,&quot;left&quot;:&quot;&quot;,&quot;isLinked&quot;:true},&quot;element_pack_global_tooltip_border_radius_mobile&quot;:{&quot;unit&quot;:&quot;px&quot;,&quot;top&quot;:&quot;&quot;,&quot;right&quot;:&quot;&quot;,&quot;bottom&quot;:&quot;&quot;,&quot;left&quot;:&quot;&quot;,&quot;isLinked&quot;:true}}\" data-elementor-post-type=\"page\">\n\t\t\t\t\t\t<div class=\"elementor-section elementor-top-section elementor-element elementor-element-c1bf60d zfx-hero elementor-section-boxed elementor-section-height-default elementor-section-height-default\" data-id=\"c1bf60d\" data-element_type=\"section\" data-settings=\"{&quot;background_background&quot;:&quot;gradient&quot;}\">\n\t\t\t\t\t\t<div class=\"elementor-container elementor-column-gap-no\">\n\t\t\t\t\t<div class=\"elementor-column elementor-col-50 elementor-top-column elementor-element elementor-element-eef0498 animated-slow elementor-invisible\" data-id=\"eef0498\" data-element_type=\"column\" data-settings=\"{&quot;animation&quot;:&quot;fadeIn&quot;,&quot;animation_delay&quot;:200}\">\n\t\t\t<div class=\"elementor-widget-wrap elementor-element-populated\">\n\t\t\t\t\t\t<div class=\"elementor-element elementor-element-40062f5 elementor-widget elementor-widget-heading\" data-id=\"40062f5\" data-element_type=\"widget\" data-widget_type=\"heading.default\">\n\t\t\t\t<div class=\"elementor-widget-container\">\n\t\t\t\t\t<h1 class=\"elementor-heading-title elementor-size-default\">Pol\u00edtica de Privacidad<\/h1>\t\t\t\t<\/div>\n\t\t\t\t<\/div>\n\t\t\t\t\t<\/div>\n\t\t<\/div>\n\t\t\t\t<div class=\"elementor-column elementor-col-50 elementor-top-column elementor-element elementor-element-0a80e14 animated-slow elementor-invisible\" data-id=\"0a80e14\" data-element_type=\"column\" data-settings=\"{&quot;animation&quot;:&quot;fadeIn&quot;}\">\n\t\t\t<div class=\"elementor-widget-wrap elementor-element-populated\">\n\t\t\t\t\t\t<div class=\"elementor-element elementor-element-1ad146a elementor-widget-mobile__width-initial elementor-widget__width-initial elementor-widget-tablet__width-initial elementor-absolute elementor-widget elementor-widget-image\" data-id=\"1ad146a\" data-element_type=\"widget\" data-settings=\"{&quot;_position&quot;:&quot;absolute&quot;}\" data-widget_type=\"image.default\">\n\t\t\t\t<div class=\"elementor-widget-container\">\n\t\t\t\t\t\t\t\t\t\t\t\t\t\t\t<img fetchpriority=\"high\" decoding=\"async\" width=\"2514\" height=\"1885\" src=\"https:\/\/traze.com\/lib\/uploads\/2022\/09\/halo-gradient.svg\" class=\"attachment-full size-full wp-image-14738\" alt=\"\" \/>\t\t\t\t\t\t\t\t\t\t\t\t\t\t\t<\/div>\n\t\t\t\t<\/div>\n\t\t\t\t<div class=\"elementor-element elementor-element-d96b8b9 elementor-widget-mobile__width-initial elementor-widget__width-initial elementor-widget-tablet__width-initial elementor-absolute elementor-widget elementor-widget-image\" data-id=\"d96b8b9\" data-element_type=\"widget\" data-settings=\"{&quot;_position&quot;:&quot;absolute&quot;}\" data-widget_type=\"image.default\">\n\t\t\t\t<div class=\"elementor-widget-container\">\n\t\t\t\t\t\t\t\t\t\t\t\t\t\t\t<img decoding=\"async\" width=\"2360\" height=\"2360\" src=\"https:\/\/traze.com\/lib\/uploads\/2022\/09\/halo-gradient-02.svg\" class=\"attachment-full size-full wp-image-14746\" alt=\"\" srcset=\"https:\/\/traze.com\/lib\/uploads\/\/2022\/09\/halo-gradient-02.svg 150w, https:\/\/traze.com\/lib\/uploads\/\/2022\/09\/halo-gradient-02.svg 300w, https:\/\/traze.com\/lib\/uploads\/\/2022\/09\/halo-gradient-02.svg 1024w\" sizes=\"(max-width: 2360px) 100vw, 2360px\" \/>\t\t\t\t\t\t\t\t\t\t\t\t\t\t\t<\/div>\n\t\t\t\t<\/div>\n\t\t\t\t<div class=\"elementor-element elementor-element-fd8ba27 elementor-widget-mobile__width-initial elementor-widget__width-initial elementor-widget-tablet__width-initial elementor-absolute elementor-widget elementor-widget-image\" data-id=\"fd8ba27\" data-element_type=\"widget\" data-settings=\"{&quot;_position&quot;:&quot;absolute&quot;}\" data-widget_type=\"image.default\">\n\t\t\t\t<div class=\"elementor-widget-container\">\n\t\t\t\t\t\t\t\t\t\t\t\t\t\t\t<img decoding=\"async\" width=\"2514\" height=\"1885\" src=\"https:\/\/traze.com\/lib\/uploads\/2022\/09\/halo-gradient-03.svg\" class=\"attachment-full size-full wp-image-14742\" alt=\"\" \/>\t\t\t\t\t\t\t\t\t\t\t\t\t\t\t<\/div>\n\t\t\t\t<\/div>\n\t\t\t\t\t<\/div>\n\t\t<\/div>\n\t\t\t\t\t<\/div>\n\t\t<\/div>\n\t\t\t\t<section class=\"elementor-section elementor-top-section elementor-element elementor-element-8faadf0  ui-fluid-animation-1 elementor-section-boxed elementor-section-height-default elementor-section-height-default\" data-id=\"8faadf0\" data-element_type=\"section\" data-settings=\"{&quot;background_background&quot;:&quot;gradient&quot;,&quot;section_fluid_on&quot;:&quot;yes&quot;}\">\n\t\t\t\t\t\t<div class=\"elementor-container elementor-column-gap-default\">\n\t\t\t\t\t<div class=\"elementor-column elementor-col-100 elementor-top-column elementor-element elementor-element-fd13e3d bdt-backdrop-filter-yes\" data-id=\"fd13e3d\" data-element_type=\"column\" data-settings=\"{&quot;background_background&quot;:&quot;classic&quot;}\">\n\t\t\t<div class=\"elementor-widget-wrap elementor-element-populated\">\n\t\t\t\t\t\t<div class=\"elementor-element elementor-element-07d6aae elementor-widget elementor-widget-text-editor\" data-id=\"07d6aae\" data-element_type=\"widget\" data-widget_type=\"text-editor.default\">\n\t\t\t\t<div class=\"elementor-widget-container\">\n\t\t\t\t\t\t\t\t\t<p><strong>Our Commitment to You<\/strong><\/p>\n<p>En Traze, entendemos la importancia de mantener la confidencialidad y privacidad de la informaci\u00f3n personal que tenemos sobre nuestros clientes y otros. Esta Declaraci\u00f3n de pol\u00edtica de privacidad describe c\u00f3mo administramos y protegemos la informaci\u00f3n personal que nos brinda y conserva sobre nuestros clientes (\u201cLa Pol\u00edtica\u201d). Al visitar nuestro sitio web y utilizar nuestros servicios, su aceptaci\u00f3n de esta Pol\u00edtica est\u00e1 impl\u00edcita.<\/p>\n<p>Estamos sujetos a los principios de protecci\u00f3n de datos contenidos en la Ley de Protecci\u00f3n de Datos de 2018 y las Regulaciones de Privacidad y Comunicaciones Electr\u00f3nicas (Directiva CE) de 2003.<\/p>\n<p>Esta Pol\u00edtica se revisar\u00e1 peri\u00f3dicamente para tener en cuenta los cambios en nuestras operaciones o pr\u00e1cticas y, adem\u00e1s, para asegurarse de que siga siendo adecuada a cualquier cambio en la ley, la tecnolog\u00eda y el entorno empresarial. Debe consultar esta p\u00e1gina de vez en cuando para asegurarse de que est\u00e1 satisfecho con los cambios. Cualquier informaci\u00f3n retenida se regir\u00e1 por nuestra Pol\u00edtica m\u00e1s actual.<\/p>\n<p><strong>Recopilaci\u00f3n y procesamiento de informaci\u00f3n personal<\/strong><\/p>\n<p>Podemos recopilar y procesar los siguientes datos sobre usted:<\/p>\n<ul>\n<li>Informaci\u00f3n que proporciona al completar formularios en nuestro sitio web, incluida la informaci\u00f3n proporcionada al registrarse para abrir una cuenta, usar nuestro sitio web, suscribirse a nuestros servicios o publicar material;<\/li>\n<li>Si se comunica con nosotros o responde a encuestas, podemos mantener un registro de esa correspondencia;<\/li>\n<li>Detalles de cualquier pedido u operaci\u00f3n (hist\u00f3rica o de otro tipo) que haya realizado a trav\u00e9s de nuestro sitio web;<\/li>\n<li>Detalles de sus visitas a nuestro sitio web, incluidos, entre otros, datos de tr\u00e1fico, datos de ubicaci\u00f3n, weblogs y otros datos de comunicaci\u00f3n, ya sea que esto sea necesario para nuestros propios fines de facturaci\u00f3n o de otro modo, y los recursos a los que accede;<\/li>\n<li>Informaci\u00f3n sobre su computadora, incluida la direcci\u00f3n IP, el sistema operativo y el tipo de navegador, para la administraci\u00f3n del sistema y para informar informaci\u00f3n agregada a nuestros anunciantes. Estos datos no identifican a ning\u00fan individuo.<\/li>\n<\/ul>\n<p><strong>C\u00f3mo usamos las cookies<\/strong><\/p>\n<p>Cuando utilice nuestro sitio web, utilizaremos cookies para distinguirlo de otros usuarios de nuestro sitio web. Esto nos ayuda a brindarle una experiencia m\u00e1s relevante y efectiva cuando navega por nuestro sitio web, incluida la presentaci\u00f3n de sitios web de acuerdo con sus necesidades o preferencias, y nos permite mejorar el sitio en general. Para m\u00e1s informaci\u00f3n, consulte nuestra Pol\u00edtica de Cookies.<\/p>\n<p><strong>C\u00f3mo usamos la informaci\u00f3n<\/strong><\/p>\n<p>Utilizamos la informaci\u00f3n que tenemos sobre usted de las siguientes maneras:<\/p>\n<ul>\n<li>Para garantizar que el contenido de nuestro sitio web se le presente de la manera m\u00e1s efectiva;<\/li>\n<li>Para proporcionarle productos y servicios que nos solicite o, cuando haya dado su consentimiento para ser contactado, para productos y servicios que consideremos que pueden ser de su inter\u00e9s;<\/li>\n<li>Gestionar y administrar los productos y servicios que se le proporcionan;<\/li>\n<li>Mantenerlo actualizado como cliente en relaci\u00f3n con los cambios en nuestros servicios y asuntos relevantes;<\/li>\n<li>Para llevar a cabo nuestras obligaciones derivadas de cualquier contrato celebrado entre usted y nosotros.<\/li>\n<\/ul>\n<p>Tambi\u00e9n podemos usar sus datos, o permitir que terceros seleccionados usen sus datos, para brindarle informaci\u00f3n sobre bienes y servicios que pueden ser de su inter\u00e9s y nosotros o ellos pueden contactarlo por correo electr\u00f3nico.<\/p>\n<p><strong>A qui\u00e9n revelamos la informaci\u00f3n<\/strong><\/p>\n<p>Seg\u00fan los productos y servicios en cuesti\u00f3n y las restricciones pertinentes sobre datos confidenciales, la informaci\u00f3n personal puede divulgarse a:<\/p>\n<ul>\n<li>Cualquier miembro de nuestro grupo de empresas que brinde servicios financieros y de otro tipo;<\/li>\n<li>Sucesores potenciales en el t\u00edtulo de nuestro negocio;<\/li>\n<li>Consultores, contratistas u otros proveedores de servicios externos que pueden acceder a su informaci\u00f3n personal cuando nos brindan servicios (incluidos, entre otros, servicios de soporte de TI);<\/li>\n<li>Brokers Introductorios con los que tenemos una relaci\u00f3n mutua (cualquiera de los cuales puede estar dentro o fuera del Espacio Econ\u00f3mico Europeo);<\/li>\n<li>Cualquier organizaci\u00f3n o persona que act\u00fae en su nombre a la que nos solicite que proporcionemos informaci\u00f3n, incluido su asesor financiero, broker, abogado o contador;<\/li>\n<li>Terceros cuando sea necesario para procesar una transacci\u00f3n o proporcionar servicios que haya solicitado;<\/li>\n<li>A un Registro de Operaciones o similar;<\/li>\n<li>Proveedores de cr\u00e9dito, juzgados, tribunales y autoridades reguladoras en respuesta a solicitudes legales y reglamentarias, seg\u00fan lo acordado o autorizado por la ley;<\/li>\n<li>Auditores o contratistas u otros asesores que auditen, ayuden o asesoren sobre cualquiera de nuestros prop\u00f3sitos comerciales, en cualquier jurisdicci\u00f3n donde operemos;<\/li>\n<li>A petici\u00f3n suya o con su consentimiento.<\/li>\n<\/ul>\n<p><strong>Derechos en relaci\u00f3n con su informaci\u00f3n personal<\/strong><\/p>\n<p>Tiene derecho a solicitarnos que no procesemos sus datos personales con fines de marketing. Por lo general, le informaremos (antes de recopilar sus datos) si tenemos la intenci\u00f3n de utilizar sus datos para tales fines o si tenemos la intenci\u00f3n de divulgar su informaci\u00f3n a terceros para tales fines. Puede ejercer su derecho a impedir dicho tratamiento marcando determinadas casillas en los formularios que utilizamos para recoger sus datos. Tambi\u00e9n puede ejercer el derecho en cualquier momento poni\u00e9ndose en contacto con nosotros en cs@traze.com.<\/p><p><span style=\"font-size: inherit; color: var(--zfxcore-typography--p-c,&quot;#070707&quot;); font-family: var(--zfxcore-typography--p-f,&quot;Inter&quot;); font-style: var(--zfxcore-typography--p-st,&quot;normal&quot;); font-weight: var(--zfxcore-typography--p-w,&quot;600&quot;); letter-spacing: var(--zfxcore-typography--p-ls,&quot;-0.027em&quot;); text-transform: var(--zfxcore-typography--p-t,&quot;none&quot;);\">Tambi\u00e9n tiene derecho a obtener una copia de cualquier informaci\u00f3n personal que tengamos sobre usted y a informarnos de cualquier inexactitud percibida. La Ley de Protecci\u00f3n de Datos de 2018 establece algunas excepciones a esto. Para realizar una solicitud, por favor escr\u00edbanos, verificando su identidad y especificando qu\u00e9 informaci\u00f3n requiere.<\/span><\/p>\n<p>Tambi\u00e9n tiene derecho a ser olvidado, es decir, el derecho a solicitarnos que eliminemos o eliminemos cualquiera de sus datos personales que tenemos. Por favor cont\u00e1ctenos para saber m\u00e1s.<\/p>\n<p>Podemos cobrar una tarifa administrativa para cubrir el costo de verificar la solicitud y ubicar, recuperar, revisar y copiar cualquier material solicitado.<\/p>\n<p><strong>Medidas de salvaguardia<\/strong><\/p>\n<p>Mantenemos la informaci\u00f3n personal en una combinaci\u00f3n de instalaciones seguras de almacenamiento inform\u00e1tico y archivos en papel y otros registros, y tomamos medidas para proteger la informaci\u00f3n personal que tenemos contra el uso indebido, la p\u00e9rdida, el acceso no autorizado, la modificaci\u00f3n o la divulgaci\u00f3n.<\/p>\n<p>Limitamos el acceso a la informaci\u00f3n solo a aquellos empleados o socios relevantes que necesitan conocer la informaci\u00f3n para permitir la ejecuci\u00f3n del Acuerdo entre nosotros. No retenemos ni almacenamos datos de tarjetas de cr\u00e9dito\/d\u00e9bito.<\/p>\n<p>Contamos con procedimientos sobre c\u00f3mo salvaguardar y utilizar su informaci\u00f3n, por ejemplo, solicitando a nuestros afiliados y empleados que mantengan la confidencialidad de su informaci\u00f3n. No conservaremos su informaci\u00f3n personal durante m\u00e1s tiempo del necesario. En muchos casos, la informaci\u00f3n debe conservarse durante per\u00edodos de tiempo considerables. Sin embargo, cuando consideremos que la informaci\u00f3n ya no es necesaria, eliminaremos cualquier detalle que lo identifique o destruiremos los registros de manera segura. Si bien haremos todos los esfuerzos razonables para salvaguardar la informaci\u00f3n personal de nuestros clientes, usted reconoce que el uso de Internet no es completamente seguro y, por esta raz\u00f3n, no podemos garantizar la seguridad o integridad de los datos personales transferidos por usted o a usted a trav\u00e9s de Internet.<\/p>\n<p><strong>Su consentimiento<\/strong><\/p>\n<p>Al enviarnos cualquier informaci\u00f3n personal (incluidos, entre otros, los detalles de su cuenta), usted acepta el uso de la informaci\u00f3n tal como se establece en esta Pol\u00edtica. Nos reservamos el derecho de enmendar o modificar esta Pol\u00edtica de privacidad y, si lo hacemos, publicaremos los cambios en el sitio web. Es su responsabilidad verificar la Pol\u00edtica de privacidad cuando nos env\u00eda informaci\u00f3n. Su uso del sitio web significar\u00e1 que est\u00e1 de acuerdo con dichos cambios.<\/p>\n<p>Debido a la naturaleza global de la infraestructura de Internet, la informaci\u00f3n que proporcione puede transferirse en tr\u00e1nsito a pa\u00edses fuera del Espacio Econ\u00f3mico Europeo. Tambi\u00e9n operamos a nivel mundial, por lo que puede ser necesario transferir su informaci\u00f3n personal a otras empresas dentro de nuestro grupo de empresas o a otros terceros ubicados en pa\u00edses fuera del EEE para permitir la prestaci\u00f3n de los servicios que ha solicitado. Es posible que los pa\u00edses fuera del EEE no cuenten con protecciones similares con respecto a sus datos y su uso como se establece en esta Pol\u00edtica. Sin embargo, hemos tomado las medidas necesarias descritas anteriormente y requeridas por la ley aplicable para tratar de proteger la seguridad de su informaci\u00f3n.<\/p>\n<p><strong>Informaci\u00f3n personal y otros sitios web<\/strong><\/p>\n<p>No somos responsables de las pol\u00edticas y pr\u00e1cticas de privacidad de otros sitios web, incluso si accedi\u00f3 a un sitio web de terceros mediante enlaces desde nuestro sitio web. Le recomendamos que consulte la pol\u00edtica de cada sitio web que visite y se comunique con el propietario u operador de dicho sitio web si tiene inquietudes o preguntas.<\/p>\n<p><strong>C\u00f3mo contactarnos<\/strong><\/p>\n<p>Si tiene alguna pregunta sobre esta Pol\u00edtica, desea acceder o cambiar su informaci\u00f3n o tiene una queja, o si tiene alguna pregunta sobre la seguridad en nuestro sitio web, puede enviarnos un correo electr\u00f3nico a cs@traze.com.<\/p>\t\t\t\t\t\t\t\t<\/div>\n\t\t\t\t<\/div>\n\t\t\t\t\t<\/div>\n\t\t<\/div>\n\t\t\t\t\t<\/div>\n\t\t<\/section>\n\t\t\t\t<\/div>\n\t\t","protected":false},"excerpt":{"rendered":"<p>Pol\u00edtica de Privacidad Our Commitment to You En Traze, entendemos la importancia de mantener la confidencialidad y privacidad de la informaci\u00f3n personal [&hellip;]<\/p>\n","protected":false},"author":2,"featured_media":0,"parent":0,"menu_order":0,"comment_status":"closed","ping_status":"closed","template":"","meta":{"footnotes":""},"class_list":["post-8850","page","type-page","status-publish","hentry"],"yoast_head":"<!-- This site is optimized with the Yoast SEO Premium plugin v24.8 (Yoast SEO v24.8.1) - https:\/\/yoast.com\/wordpress\/plugins\/seo\/ -->\n<title>Pol\u00edtica de Privacidad | Traze Forex and CFD Online Trading<\/title>\n<meta name=\"robots\" content=\"index, follow, max-snippet:-1, max-image-preview:large, max-video-preview:-1\" \/>\n<link rel=\"canonical\" href=\"https:\/\/traze.com\/mx\/politica-privacidad\/\" \/>\n<meta property=\"og:locale\" content=\"es_MX\" \/>\n<meta property=\"og:type\" content=\"article\" \/>\n<meta property=\"og:title\" content=\"Pol\u00edtica de Privacidad\" \/>\n<meta property=\"og:description\" content=\"Pol\u00edtica de Privacidad Our Commitment to You En Traze, entendemos la importancia de mantener la confidencialidad y privacidad de la informaci\u00f3n personal [&hellip;]\" \/>\n<meta property=\"og:url\" content=\"https:\/\/traze.com\/mx\/politica-privacidad\/\" \/>\n<meta property=\"og:site_name\" content=\"Traze Forex and CFD Online Trading\" \/>\n<meta property=\"article:modified_time\" content=\"2022-11-18T10:22:30+00:00\" \/>\n<meta property=\"og:image\" content=\"https:\/\/traze.com\/lib\/uploads\/2022\/09\/halo-gradient.svg\" \/>\n<meta name=\"twitter:card\" content=\"summary_large_image\" \/>\n<meta name=\"twitter:label1\" content=\"Tiempo de lectura\" \/>\n\t<meta name=\"twitter:data1\" content=\"7 minutos\" \/>\n<script type=\"application\/ld+json\" class=\"yoast-schema-graph\">{\"@context\":\"https:\/\/schema.org\",\"@graph\":[{\"@type\":\"WebPage\",\"@id\":\"https:\/\/traze.com\/mx\/politica-privacidad\/\",\"url\":\"https:\/\/traze.com\/mx\/politica-privacidad\/\",\"name\":\"Pol\u00edtica de Privacidad | Traze Forex and CFD Online Trading\",\"isPartOf\":{\"@id\":\"https:\/\/traze.com\/mx\/#website\"},\"primaryImageOfPage\":{\"@id\":\"https:\/\/traze.com\/mx\/politica-privacidad\/#primaryimage\"},\"image\":{\"@id\":\"https:\/\/traze.com\/mx\/politica-privacidad\/#primaryimage\"},\"thumbnailUrl\":\"https:\/\/traze.com\/lib\/uploads\/2022\/09\/halo-gradient.svg\",\"datePublished\":\"2022-10-11T13:03:19+00:00\",\"dateModified\":\"2022-11-18T10:22:30+00:00\",\"breadcrumb\":{\"@id\":\"https:\/\/traze.com\/mx\/politica-privacidad\/#breadcrumb\"},\"inLanguage\":\"es\",\"potentialAction\":[{\"@type\":\"ReadAction\",\"target\":[\"https:\/\/traze.com\/mx\/politica-privacidad\/\"]}]},{\"@type\":\"ImageObject\",\"inLanguage\":\"es\",\"@id\":\"https:\/\/traze.com\/mx\/politica-privacidad\/#primaryimage\",\"url\":\"https:\/\/traze.com\/lib\/uploads\/2022\/09\/halo-gradient.svg\",\"contentUrl\":\"https:\/\/traze.com\/lib\/uploads\/2022\/09\/halo-gradient.svg\"},{\"@type\":\"BreadcrumbList\",\"@id\":\"https:\/\/traze.com\/mx\/politica-privacidad\/#breadcrumb\",\"itemListElement\":[{\"@type\":\"ListItem\",\"position\":1,\"name\":\"Home\",\"item\":\"https:\/\/traze.com\/mx\/\"},{\"@type\":\"ListItem\",\"position\":2,\"name\":\"Pol\u00edtica de Privacidad\"}]},{\"@type\":\"WebSite\",\"@id\":\"https:\/\/traze.com\/mx\/#website\",\"url\":\"https:\/\/traze.com\/mx\/\",\"name\":\"Traze Forex and CFD Online Trading\",\"description\":\"\",\"publisher\":{\"@id\":\"https:\/\/traze.com\/mx\/#organization\"},\"potentialAction\":[{\"@type\":\"SearchAction\",\"target\":{\"@type\":\"EntryPoint\",\"urlTemplate\":\"https:\/\/traze.com\/mx\/?s={search_term_string}\"},\"query-input\":{\"@type\":\"PropertyValueSpecification\",\"valueRequired\":true,\"valueName\":\"search_term_string\"}}],\"inLanguage\":\"es\"},{\"@type\":\"Organization\",\"@id\":\"https:\/\/traze.com\/mx\/#organization\",\"name\":\"Traze Forex and CFD Online Trading\",\"url\":\"https:\/\/traze.com\/mx\/\",\"logo\":{\"@type\":\"ImageObject\",\"inLanguage\":\"es\",\"@id\":\"https:\/\/traze.com\/mx\/#\/schema\/logo\/image\/\",\"url\":\"https:\/\/traze.com\/lib\/uploads\/2022\/09\/traze-logo-light.svg\",\"contentUrl\":\"https:\/\/traze.com\/lib\/uploads\/2022\/09\/traze-logo-light.svg\",\"width\":121,\"height\":34,\"caption\":\"Traze Forex and CFD Online Trading\"},\"image\":{\"@id\":\"https:\/\/traze.com\/mx\/#\/schema\/logo\/image\/\"}}]}<\/script>\n<!-- \/ Yoast SEO Premium plugin. -->","yoast_head_json":{"title":"Pol\u00edtica de Privacidad | Traze Forex and CFD Online Trading","robots":{"index":"index","follow":"follow","max-snippet":"max-snippet:-1","max-image-preview":"max-image-preview:large","max-video-preview":"max-video-preview:-1"},"canonical":"https:\/\/traze.com\/mx\/politica-privacidad\/","og_locale":"es_MX","og_type":"article","og_title":"Pol\u00edtica de Privacidad","og_description":"Pol\u00edtica de Privacidad Our Commitment to You En Traze, entendemos la importancia de mantener la confidencialidad y privacidad de la informaci\u00f3n personal [&hellip;]","og_url":"https:\/\/traze.com\/mx\/politica-privacidad\/","og_site_name":"Traze Forex and CFD Online Trading","article_modified_time":"2022-11-18T10:22:30+00:00","og_image":[{"url":"https:\/\/traze.com\/lib\/uploads\/2022\/09\/halo-gradient.svg","type":"","width":"","height":""}],"twitter_card":"summary_large_image","twitter_misc":{"Tiempo de lectura":"7 minutos"},"schema":{"@context":"https:\/\/schema.org","@graph":[{"@type":"WebPage","@id":"https:\/\/traze.com\/mx\/politica-privacidad\/","url":"https:\/\/traze.com\/mx\/politica-privacidad\/","name":"Pol\u00edtica de Privacidad | Traze Forex and CFD Online Trading","isPartOf":{"@id":"https:\/\/traze.com\/mx\/#website"},"primaryImageOfPage":{"@id":"https:\/\/traze.com\/mx\/politica-privacidad\/#primaryimage"},"image":{"@id":"https:\/\/traze.com\/mx\/politica-privacidad\/#primaryimage"},"thumbnailUrl":"https:\/\/traze.com\/lib\/uploads\/2022\/09\/halo-gradient.svg","datePublished":"2022-10-11T13:03:19+00:00","dateModified":"2022-11-18T10:22:30+00:00","breadcrumb":{"@id":"https:\/\/traze.com\/mx\/politica-privacidad\/#breadcrumb"},"inLanguage":"es","potentialAction":[{"@type":"ReadAction","target":["https:\/\/traze.com\/mx\/politica-privacidad\/"]}]},{"@type":"ImageObject","inLanguage":"es","@id":"https:\/\/traze.com\/mx\/politica-privacidad\/#primaryimage","url":"https:\/\/traze.com\/lib\/uploads\/2022\/09\/halo-gradient.svg","contentUrl":"https:\/\/traze.com\/lib\/uploads\/2022\/09\/halo-gradient.svg"},{"@type":"BreadcrumbList","@id":"https:\/\/traze.com\/mx\/politica-privacidad\/#breadcrumb","itemListElement":[{"@type":"ListItem","position":1,"name":"Home","item":"https:\/\/traze.com\/mx\/"},{"@type":"ListItem","position":2,"name":"Pol\u00edtica de Privacidad"}]},{"@type":"WebSite","@id":"https:\/\/traze.com\/mx\/#website","url":"https:\/\/traze.com\/mx\/","name":"Traze Forex and CFD Online Trading","description":"","publisher":{"@id":"https:\/\/traze.com\/mx\/#organization"},"potentialAction":[{"@type":"SearchAction","target":{"@type":"EntryPoint","urlTemplate":"https:\/\/traze.com\/mx\/?s={search_term_string}"},"query-input":{"@type":"PropertyValueSpecification","valueRequired":true,"valueName":"search_term_string"}}],"inLanguage":"es"},{"@type":"Organization","@id":"https:\/\/traze.com\/mx\/#organization","name":"Traze Forex and CFD Online Trading","url":"https:\/\/traze.com\/mx\/","logo":{"@type":"ImageObject","inLanguage":"es","@id":"https:\/\/traze.com\/mx\/#\/schema\/logo\/image\/","url":"https:\/\/traze.com\/lib\/uploads\/2022\/09\/traze-logo-light.svg","contentUrl":"https:\/\/traze.com\/lib\/uploads\/2022\/09\/traze-logo-light.svg","width":121,"height":34,"caption":"Traze Forex and CFD Online Trading"},"image":{"@id":"https:\/\/traze.com\/mx\/#\/schema\/logo\/image\/"}}]}},"_links":{"self":[{"href":"https:\/\/traze.com\/mx\/wp-json\/wp\/v2\/pages\/8850","targetHints":{"allow":["GET"]}}],"collection":[{"href":"https:\/\/traze.com\/mx\/wp-json\/wp\/v2\/pages"}],"about":[{"href":"https:\/\/traze.com\/mx\/wp-json\/wp\/v2\/types\/page"}],"author":[{"embeddable":true,"href":"https:\/\/traze.com\/mx\/wp-json\/wp\/v2\/users\/2"}],"replies":[{"embeddable":true,"href":"https:\/\/traze.com\/mx\/wp-json\/wp\/v2\/comments?post=8850"}],"version-history":[{"count":0,"href":"https:\/\/traze.com\/mx\/wp-json\/wp\/v2\/pages\/8850\/revisions"}],"wp:attachment":[{"href":"https:\/\/traze.com\/mx\/wp-json\/wp\/v2\/media?parent=8850"}],"curies":[{"name":"wp","href":"https:\/\/api.w.org\/{rel}","templated":true}]}}